{"id":6900,"date":"2024-07-16T14:34:10","date_gmt":"2024-07-16T12:34:10","guid":{"rendered":"https:\/\/damptour.pl\/index.php\/dokumenty-copy\/"},"modified":"2024-07-16T14:35:25","modified_gmt":"2024-07-16T12:35:25","slug":"dla-agenta","status":"publish","type":"page","link":"https:\/\/damptour.pl\/index.php\/dla-agenta\/","title":{"rendered":"Dla Agenta"},"content":{"rendered":"\t\t<div data-elementor-type=\"wp-page\" data-elementor-id=\"6900\" class=\"elementor elementor-6900\">\n\t\t\t\t<div class=\"elementor-element elementor-element-5b02e2b e-con-full e-flex e-con e-parent\" data-id=\"5b02e2b\" data-element_type=\"container\" data-settings=\"{&quot;background_background&quot;:&quot;classic&quot;}\">\n\t\t<div class=\"elementor-element elementor-element-a36286e e-flex e-con-boxed e-con e-child\" data-id=\"a36286e\" data-element_type=\"container\">\n\t\t\t\t\t<div class=\"e-con-inner\">\n\t\t\t\t<div class=\"elementor-element elementor-element-8c9c6fc elementor-widget elementor-widget-travolosectiontitle\" data-id=\"8c9c6fc\" data-element_type=\"widget\" data-widget_type=\"travolosectiontitle.default\">\n\t\t\t\t<div class=\"elementor-widget-container\">\n\t\t\t<!-- Section Title --><div class=\"title-area\" ><h1 class=\"sec-title title-selector\">Wsp\u00f3\u0142praca z agentami<\/h1><\/div><!-- End Section Title -->\t\t<\/div>\n\t\t\t\t<\/div>\n\t\t\t\t<div class=\"elementor-element elementor-element-06f14ba elementor-widget elementor-widget-text-editor\" data-id=\"06f14ba\" data-element_type=\"widget\" data-widget_type=\"text-editor.default\">\n\t\t\t\t<div class=\"elementor-widget-container\">\n\t\t\t<style>\/*! elementor - v3.23.0 - 23-07-2024 *\/\n.elementor-widget-text-editor.elementor-drop-cap-view-stacked .elementor-drop-cap{background-color:#69727d;color:#fff}.elementor-widget-text-editor.elementor-drop-cap-view-framed .elementor-drop-cap{color:#69727d;border:3px solid;background-color:transparent}.elementor-widget-text-editor:not(.elementor-drop-cap-view-default) .elementor-drop-cap{margin-top:8px}.elementor-widget-text-editor:not(.elementor-drop-cap-view-default) .elementor-drop-cap-letter{width:1em;height:1em}.elementor-widget-text-editor .elementor-drop-cap{float:left;text-align:center;line-height:1;font-size:50px}.elementor-widget-text-editor .elementor-drop-cap-letter{display:inline-block}<\/style>\t\t\t\t<p><strong>Jeste\u015b agentem? Chcia\u0142by\u015b uzupe\u0142ni\u0107 swoj\u0105 ofert\u0119 o kolejny produkt? Poznaj kilka korzy\u015bci ze wsp\u00f3\u0142pracy z nami:<\/strong><\/p><ul><li>przejrzysta umowa bez haczyk\u00f3w,<\/li><li>jasny, progresywny system prowizyjny,<\/li><li>brak minimalnej warto\u015bci sprzeda\u017cy,<\/li><li>konkurencyjny i sprawdzony produkt,<\/li><li>sta\u0142e wsparcie informacyjne,<\/li><li>dodatkowe materia\u0142y wspomagaj\u0105ce sprzeda\u017c.<\/li><\/ul><p><strong>Wykonaj tylko kilka krok\u00f3w:<\/strong><\/p><ol><li>skontaktuj si\u0119 z nami mailowo lub telefonicznie,<\/li><li>ustal szczeg\u00f3\u0142y i wysoko\u015b\u0107 prowizji,<\/li><li>przecztaj i podpisz otrzyman\u0105 umow\u0119,<\/li><li>ode\u015blij lub przeka\u017c umow\u0119 twojemu lokalnemu przedstawicielowi.<\/li><\/ol><p><strong>My zajmiemy si\u0119 reszt\u0105!<\/strong><\/p><p><strong>&#8212;&#8212;&#8212;&#8212;&#8212;&#8212;&#8212;&#8212;&#8212;&#8212;&#8212;&#8212;&#8212;&#8212;&#8212;&#8212;&#8212;&#8212;&#8212;&#8212;&#8212;&#8212;&#8212;&#8212;&#8212;&#8212;&#8212;&#8212;&#8212;&#8212;&#8212;&#8212;&#8212;<\/strong><\/p><p><strong>Jeste\u015b ju\u017c naszym agentem?<\/strong><\/p><p>Zaloguj si\u0119 na stronie: <a href=\"https:\/\/damptour.sykon.pl\/login.php\">https:\/\/damptour.sykon.pl\/login.php<\/a> i dokonuj rezerwacji online. W przypadku problem\u00f3w z logowaniem, skontaktuj si\u0119 z nami.<\/p>\t\t\t\t\t\t<\/div>\n\t\t\t\t<\/div>\n\t\t\t\t\t<\/div>\n\t\t\t\t<\/div>\n\t\t\t\t<\/div>\n\t\t\t\t<\/div>\n\t\t","protected":false},"excerpt":{"rendered":"<p>Wsp\u00f3\u0142praca z agentami Jeste\u015b agentem? Chcia\u0142by\u015b uzupe\u0142ni\u0107 swoj\u0105 ofert\u0119 o kolejny produkt? Poznaj kilka korzy\u015bci ze wsp\u00f3\u0142pracy z nami: przejrzysta umowa bez haczyk\u00f3w, jasny, progresywny system prowizyjny, brak minimalnej warto\u015bci sprzeda\u017cy, konkurencyjny i sprawdzony produkt, sta\u0142e wsparcie informacyjne, dodatkowe materia\u0142y wspomagaj\u0105ce sprzeda\u017c. Wykonaj tylko kilka krok\u00f3w: skontaktuj si\u0119 z nami mailowo lub telefonicznie, ustal szczeg\u00f3\u0142y&#8230;<\/p>\n","protected":false},"author":1,"featured_media":0,"parent":0,"menu_order":0,"comment_status":"closed","ping_status":"closed","template":"template-builder.php","meta":{"footnotes":""},"class_list":["post-6900","page","type-page","status-publish","hentry"],"_links":{"self":[{"href":"https:\/\/damptour.pl\/index.php\/wp-json\/wp\/v2\/pages\/6900","targetHints":{"allow":["GET"]}}],"collection":[{"href":"https:\/\/damptour.pl\/index.php\/wp-json\/wp\/v2\/pages"}],"about":[{"href":"https:\/\/damptour.pl\/index.php\/wp-json\/wp\/v2\/types\/page"}],"author":[{"embeddable":true,"href":"https:\/\/damptour.pl\/index.php\/wp-json\/wp\/v2\/users\/1"}],"replies":[{"embeddable":true,"href":"https:\/\/damptour.pl\/index.php\/wp-json\/wp\/v2\/comments?post=6900"}],"version-history":[{"count":4,"href":"https:\/\/damptour.pl\/index.php\/wp-json\/wp\/v2\/pages\/6900\/revisions"}],"predecessor-version":[{"id":6908,"href":"https:\/\/damptour.pl\/index.php\/wp-json\/wp\/v2\/pages\/6900\/revisions\/6908"}],"wp:attachment":[{"href":"https:\/\/damptour.pl\/index.php\/wp-json\/wp\/v2\/media?parent=6900"}],"curies":[{"name":"wp","href":"https:\/\/api.w.org\/{rel}","templated":true}]}}