{"id":6845,"date":"2024-07-16T14:21:32","date_gmt":"2024-07-16T12:21:32","guid":{"rendered":"https:\/\/damptour.pl\/index.php\/chorwacja-copy\/"},"modified":"2024-07-17T09:43:20","modified_gmt":"2024-07-17T07:43:20","slug":"rab-lopar","status":"publish","type":"page","link":"https:\/\/damptour.pl\/index.php\/rab-lopar\/","title":{"rendered":"Rab &#8211; Lopar"},"content":{"rendered":"\t\t<div data-elementor-type=\"wp-page\" data-elementor-id=\"6845\" class=\"elementor elementor-6845\">\n\t\t\t\t<div class=\"elementor-element elementor-element-5b02e2b e-con-full e-flex e-con e-parent\" data-id=\"5b02e2b\" data-element_type=\"container\" data-settings=\"{&quot;background_background&quot;:&quot;classic&quot;}\">\n\t\t<div class=\"elementor-element elementor-element-a36286e e-flex e-con-boxed e-con e-child\" data-id=\"a36286e\" data-element_type=\"container\">\n\t\t\t\t\t<div class=\"e-con-inner\">\n\t\t\t\t<div class=\"elementor-element elementor-element-60f10f4 elementor-widget elementor-widget-travolosectiontitle\" data-id=\"60f10f4\" data-element_type=\"widget\" data-widget_type=\"travolosectiontitle.default\">\n\t\t\t\t<div class=\"elementor-widget-container\">\n\t\t\t<!-- Section Title --><div class=\"title-area\" ><h1 class=\"sec-title title-selector\">Rab - Lopar<\/h1><\/div><!-- End Section Title -->\t\t<\/div>\n\t\t\t\t<\/div>\n\t\t\t\t<div class=\"elementor-element elementor-element-10dabc3 elementor-widget elementor-widget-image\" data-id=\"10dabc3\" data-element_type=\"widget\" data-widget_type=\"image.default\">\n\t\t\t\t<div class=\"elementor-widget-container\">\n\t\t\t<style>\/*! elementor - v3.23.0 - 23-07-2024 *\/\n.elementor-widget-image{text-align:center}.elementor-widget-image a{display:inline-block}.elementor-widget-image a img[src$=\".svg\"]{width:48px}.elementor-widget-image img{vertical-align:middle;display:inline-block}<\/style>\t\t\t\t\t\t\t\t\t\t<img fetchpriority=\"high\" decoding=\"async\" width=\"751\" height=\"505\" src=\"https:\/\/damptour.pl\/wp-content\/uploads\/2024\/07\/rab-1903239_1280-768x516.jpg\" class=\"attachment-medium_large size-medium_large wp-image-6850\" alt=\"\" srcset=\"https:\/\/damptour.pl\/wp-content\/uploads\/2024\/07\/rab-1903239_1280-768x516.jpg 768w, https:\/\/damptour.pl\/wp-content\/uploads\/2024\/07\/rab-1903239_1280-300x202.jpg 300w, https:\/\/damptour.pl\/wp-content\/uploads\/2024\/07\/rab-1903239_1280-1024x688.jpg 1024w, https:\/\/damptour.pl\/wp-content\/uploads\/2024\/07\/rab-1903239_1280-1536x1032.jpg 1536w, https:\/\/damptour.pl\/wp-content\/uploads\/2024\/07\/rab-1903239_1280.jpg 1920w\" sizes=\"(max-width: 751px) 100vw, 751px\" \/>\t\t\t\t\t\t\t\t\t\t\t\t\t<\/div>\n\t\t\t\t<\/div>\n\t\t\t\t<div class=\"elementor-element elementor-element-f0f692d elementor-widget elementor-widget-text-editor\" data-id=\"f0f692d\" data-element_type=\"widget\" data-widget_type=\"text-editor.default\">\n\t\t\t\t<div class=\"elementor-widget-container\">\n\t\t\t<style>\/*! elementor - v3.23.0 - 23-07-2024 *\/\n.elementor-widget-text-editor.elementor-drop-cap-view-stacked .elementor-drop-cap{background-color:#69727d;color:#fff}.elementor-widget-text-editor.elementor-drop-cap-view-framed .elementor-drop-cap{color:#69727d;border:3px solid;background-color:transparent}.elementor-widget-text-editor:not(.elementor-drop-cap-view-default) .elementor-drop-cap{margin-top:8px}.elementor-widget-text-editor:not(.elementor-drop-cap-view-default) .elementor-drop-cap-letter{width:1em;height:1em}.elementor-widget-text-editor .elementor-drop-cap{float:left;text-align:center;line-height:1;font-size:50px}.elementor-widget-text-editor .elementor-drop-cap-letter{display:inline-block}<\/style>\t\t\t\t<p style=\"text-align: center;\"><strong>Miasto RAB<\/strong><\/p><p>Zwiedzanie stolicy wyspy wraz z histori\u0105 miasta, ko\u015bci\u00f3\u0142 \u015bw. Justyny, ko\u015bci\u00f3\u0142 \u015bw. Andrzeja, ko\u015bci\u00f3\u0142 \u015bw. Antoniego, ko\u015bci\u00f3\u0142 \u015bw. Krzy\u017ca, dla ch\u0119tnych wst\u0119p do muzeum sztuki sakralnej lub ruin bazyliki \u015bw. Jana Ewangelisty i wej\u015bcie na wie\u017c\u0119 ko\u015bcieln\u0105, park Komr\u010dar, plac \u015bw. Krzysztofa, port.<\/p><p style=\"text-align: center;\"><strong>WYSPA GOLI OTOK<\/strong><\/p><p>Rejs na wysp\u0119 Goli Otok (Naga wyspa), zwiedzanie pozosta\u0142o\u015bci m\u0119skiego wi\u0119zienia dla wi\u0119\u017ani\u00f3w politycznych &#8211; przeciwnik\u00f3w re\u017cimu Tito, czas wolny.<\/p><p style=\"text-align: center;\"><strong>REJS ROBINSON: RAB \u2013 ZAVRATNICA \u2013 PAG &#8211; WYSPA DELFIN\u00d3W &#8211; RAB<\/strong><\/p><p>Ca\u0142odzienna wycieczka statkiem, czas wolny na wyspie Pag, k\u0105piel w lazurowej wodzie na pe\u0142nym morzu, podziwianie delfin\u00f3w, zatoka Zavratnica, obiad na statku.<\/p><p style=\"text-align: center;\"><strong>WYSPA KRK &#8211; BA\u0160KA<\/strong><\/p><p>Rejs katamaranem ze szklanym dnem na wysp\u0119 Krk do miejscowo\u015bci Ba\u0161ka, czas wolny na wyspie &#8211; mo\u017cliwo\u015b\u0107 pla\u017cowania na jednej z najd\u0142u\u017cszych i najpi\u0119kniejszych pla\u017c w Chorwacji, spacer po miasteczku, mo\u017cliwe zwiedzanie akwarium ukazuj\u0105cego \u017cycie morskie i podwodny \u015bwiat w chorwackiej cz\u0119\u015bci Adriatyku, wycieczka ca\u0142odzienna.<\/p><p style=\"text-align: center;\"><strong>REJS DOOKO\u0141A LOPARU<\/strong><\/p><p>Rejs prywatnym statkiem dooko\u0142a p\u0142w. loparskiego po\u0142\u0105czony z kr\u00f3tkim zwiedzaniem wyspy Grgur i k\u0105piel\u0105 w morzu, mo\u017cliwy rejs na zach\u00f3d s\u0142o\u0144ca.<\/p><p style=\"text-align: center;\"><strong>PLITWICKIE JEZIORA<\/strong><\/p><p>Park Narodowy Jezior Plitwickich to rozleg\u0142y teren na kt\u00f3rym po\u0142o\u017conych jest\u00a016 krasowych jeziorpo\u0142\u0105czonych ze sob\u0105 kaskadowo, o zapieraj\u0105cej dech w piersiach barwie wody. Zbiorniki s\u0105 rozmieszczone na r\u00f3\u017cnych wysoko\u015bciach, przez co mo\u017cemy podziwia\u0107 tu wiele wodospad\u00f3w. A dodatkowo wszystko jest otoczone bujn\u0105 ro\u015blinno\u015bci\u0105 oraz wysokimi wzniesieniami. Jest to jedno z najpopulraniejszych miejsc na Chorwacji, rocznie odwiedzane przez setki tysi\u0119cy turyst\u00f3w.<\/p>\t\t\t\t\t\t<\/div>\n\t\t\t\t<\/div>\n\t\t\t\t\t<\/div>\n\t\t\t\t<\/div>\n\t\t\t\t<\/div>\n\t\t\t\t<\/div>\n\t\t","protected":false},"excerpt":{"rendered":"<p>Rab &#8211; Lopar Miasto RAB Zwiedzanie stolicy wyspy wraz z histori\u0105 miasta, ko\u015bci\u00f3\u0142 \u015bw. Justyny, ko\u015bci\u00f3\u0142 \u015bw. Andrzeja, ko\u015bci\u00f3\u0142 \u015bw. Antoniego, ko\u015bci\u00f3\u0142 \u015bw. Krzy\u017ca, dla ch\u0119tnych wst\u0119p do muzeum sztuki sakralnej lub ruin bazyliki \u015bw. Jana Ewangelisty i wej\u015bcie na wie\u017c\u0119 ko\u015bcieln\u0105, park Komr\u010dar, plac \u015bw. Krzysztofa, port. WYSPA GOLI OTOK Rejs na wysp\u0119 Goli&#8230;<\/p>\n","protected":false},"author":1,"featured_media":0,"parent":0,"menu_order":0,"comment_status":"closed","ping_status":"closed","template":"template-builder.php","meta":{"footnotes":""},"class_list":["post-6845","page","type-page","status-publish","hentry"],"_links":{"self":[{"href":"https:\/\/damptour.pl\/index.php\/wp-json\/wp\/v2\/pages\/6845","targetHints":{"allow":["GET"]}}],"collection":[{"href":"https:\/\/damptour.pl\/index.php\/wp-json\/wp\/v2\/pages"}],"about":[{"href":"https:\/\/damptour.pl\/index.php\/wp-json\/wp\/v2\/types\/page"}],"author":[{"embeddable":true,"href":"https:\/\/damptour.pl\/index.php\/wp-json\/wp\/v2\/users\/1"}],"replies":[{"embeddable":true,"href":"https:\/\/damptour.pl\/index.php\/wp-json\/wp\/v2\/comments?post=6845"}],"version-history":[{"count":17,"href":"https:\/\/damptour.pl\/index.php\/wp-json\/wp\/v2\/pages\/6845\/revisions"}],"predecessor-version":[{"id":7105,"href":"https:\/\/damptour.pl\/index.php\/wp-json\/wp\/v2\/pages\/6845\/revisions\/7105"}],"wp:attachment":[{"href":"https:\/\/damptour.pl\/index.php\/wp-json\/wp\/v2\/media?parent=6845"}],"curies":[{"name":"wp","href":"https:\/\/api.w.org\/{rel}","templated":true}]}}