{"id":6076,"date":"2023-10-25T15:55:39","date_gmt":"2023-10-25T13:55:39","guid":{"rendered":"https:\/\/wordpress.vecurosoft.com\/travolo\/?page_id=22"},"modified":"2024-07-15T12:11:46","modified_gmt":"2024-07-15T10:11:46","slug":"o-nas","status":"publish","type":"page","link":"https:\/\/damptour.pl\/index.php\/o-nas\/","title":{"rendered":"O nas"},"content":{"rendered":"\t\t<div data-elementor-type=\"wp-page\" data-elementor-id=\"6076\" class=\"elementor elementor-6076\">\n\t\t\t\t<div class=\"elementor-element elementor-element-82704c3 e-con-full e-flex e-con e-parent\" data-id=\"82704c3\" data-element_type=\"container\" data-settings=\"{&quot;background_background&quot;:&quot;classic&quot;}\">\n\t\t<div class=\"elementor-element elementor-element-7cf10c2 e-flex e-con-boxed e-con e-child\" data-id=\"7cf10c2\" data-element_type=\"container\">\n\t\t\t\t\t<div class=\"e-con-inner\">\n\t\t<div class=\"elementor-element elementor-element-36ffd30 e-con-full e-flex e-con e-child\" data-id=\"36ffd30\" data-element_type=\"container\">\n\t\t\t\t<div class=\"elementor-element elementor-element-2cba938 elementor-widget elementor-widget-travoloimagebox\" data-id=\"2cba938\" data-element_type=\"widget\" data-widget_type=\"travoloimagebox.default\">\n\t\t\t\t<div class=\"elementor-widget-container\">\n\t\t\t        <div class=\"image-box1\">\n            <img decoding=\"async\" src=\"https:\/\/wordpress.vecurosoft.com\/travolo\/wp-content\/uploads\/2023\/11\/img-2-1.jpg\" alt=\"about image\"  class=\"img1\" \/>                <img decoding=\"async\" src=\"https:\/\/wordpress.vecurosoft.com\/travolo\/wp-content\/uploads\/2023\/11\/img-2-2.jpg\" alt=\"about image\"  class=\"img2\" \/>        <div class=\"media-box1\">\n                    <span class=\"media-info\">\n                25+ lat            <\/span>\n        \n                    <p class=\"media-text\">\n                Do\u015bwiadczenia            <\/p>\n            <\/div>\n    <div class=\"media-box2\">\n                    <span class=\"media-info\">\n                700+            <\/span>\n        \n                    <p class=\"media-text\">\n                Wsp\u00f3\u0142prac z agentami            <\/p>\n            <\/div>\n<\/div>\n\t\t\t<\/div>\n\t\t\t\t<\/div>\n\t\t\t\t<\/div>\n\t\t<div class=\"elementor-element elementor-element-fda26aa e-con-full e-flex e-con e-child\" data-id=\"fda26aa\" data-element_type=\"container\">\n\t\t\t\t<div class=\"elementor-element elementor-element-81f4fc0 elementor-widget__width-initial elementor-widget elementor-widget-travolosectiontitle\" data-id=\"81f4fc0\" data-element_type=\"widget\" data-widget_type=\"travolosectiontitle.default\">\n\t\t\t\t<div class=\"elementor-widget-container\">\n\t\t\t<!-- Section Title --><div class=\"title-area\" ><span class=\"sec-subtitle\">Kim jeste\u015bmy?\n<\/span><h1 class=\"sec-title title-selector\">O NAS<\/h1><p class=\"sec-text\">Biuro Podr\u00f3\u017cy DAMPTOUR dzia\u0142a na rynku turystycznym od ponad 25 lat. Specjalizujemy si\u0119 przede wszystkim w obs\u0142udze ruchu turystycznego na kierunkach: Chorwacja, Czarnog\u00f3ra, Grecja, Macedonia. W ofercie posiadamy r\u00f3wnie\u017c obozy m\u0142odzie\u017cowe i kolonie. Dodatkowo rozwijamy nasz\u0105 sprzeda\u017c agencyjn\u0105 na rzecz innych touroperator\u00f3w, stanowi\u0105c\u0105 uzupe\u0142nienie oferty.\n<br \/><br \/>\nSiedziba firmy mie\u015bci si\u0119 niezmiennie przy ul. Bobreckiej w Cieszynie. Wsp\u00f3\u0142pracujemy z ponad 700 agentami na terenie ca\u0142ej Polski. Dzia\u0142amy na podstawie Za\u015bwiadczenia o wpisie do rejestru organizator\u00f3w i po\u015brednik\u00f3w turystycznych nr 1635 Marsza\u0142ka Wojew\u00f3dztwa \u015al\u0105skiego oraz posiadamy Gwarancj\u0119 Ubezpieczeniow\u0105 Colonnade Insurance S.A, Oddzia\u0142 w Polsce nr GT 02\/2022 wa\u017cn\u0105 do dnia 30.11.2023.\n<br \/><br \/>\nZapraszamy do skorzystania z naszej oferty wypoczynku!!!\n<br \/><br \/>\nZesp\u00f3\u0142 Biura Podr\u00f3\u017cy DAMPTOUR.<\/p><\/div><!-- End Section Title -->\t\t<\/div>\n\t\t\t\t<\/div>\n\t\t\t\t<div class=\"elementor-element elementor-element-dfc9b06 elementor-widget elementor-widget-travolobutton\" data-id=\"dfc9b06\" data-element_type=\"widget\" data-widget_type=\"travolobutton.default\">\n\t\t\t\t<div class=\"elementor-widget-container\">\n\t\t\t<!-- Button --><div class=\"btn-wrapper\"><a class=\"vs-btn style7\" href=\"https:\/\/damptour.pl\/index.php\/kontakt\/\">Kontakt<\/a><\/div><!-- End Button -->\t\t<\/div>\n\t\t\t\t<\/div>\n\t\t\t\t<\/div>\n\t\t\t\t\t<\/div>\n\t\t\t\t<\/div>\n\t\t\t\t<\/div>\n\t\t\t\t<\/div>\n\t\t","protected":false},"excerpt":{"rendered":"<p>25+ lat Do\u015bwiadczenia 700+ Wsp\u00f3\u0142prac z agentami Kim jeste\u015bmy? O NAS Biuro Podr\u00f3\u017cy DAMPTOUR dzia\u0142a na rynku turystycznym od ponad 25 lat. Specjalizujemy si\u0119 przede wszystkim w obs\u0142udze ruchu turystycznego na kierunkach: Chorwacja, Czarnog\u00f3ra, Grecja, Macedonia. W ofercie posiadamy r\u00f3wnie\u017c obozy m\u0142odzie\u017cowe i kolonie. Dodatkowo rozwijamy nasz\u0105 sprzeda\u017c agencyjn\u0105 na rzecz innych touroperator\u00f3w, stanowi\u0105c\u0105 uzupe\u0142nienie&#8230;<\/p>\n","protected":false},"author":1,"featured_media":0,"parent":0,"menu_order":0,"comment_status":"closed","ping_status":"closed","template":"elementor_header_footer","meta":{"footnotes":""},"class_list":["post-6076","page","type-page","status-publish","hentry"],"_links":{"self":[{"href":"https:\/\/damptour.pl\/index.php\/wp-json\/wp\/v2\/pages\/6076","targetHints":{"allow":["GET"]}}],"collection":[{"href":"https:\/\/damptour.pl\/index.php\/wp-json\/wp\/v2\/pages"}],"about":[{"href":"https:\/\/damptour.pl\/index.php\/wp-json\/wp\/v2\/types\/page"}],"author":[{"embeddable":true,"href":"https:\/\/damptour.pl\/index.php\/wp-json\/wp\/v2\/users\/1"}],"replies":[{"embeddable":true,"href":"https:\/\/damptour.pl\/index.php\/wp-json\/wp\/v2\/comments?post=6076"}],"version-history":[{"count":38,"href":"https:\/\/damptour.pl\/index.php\/wp-json\/wp\/v2\/pages\/6076\/revisions"}],"predecessor-version":[{"id":6248,"href":"https:\/\/damptour.pl\/index.php\/wp-json\/wp\/v2\/pages\/6076\/revisions\/6248"}],"wp:attachment":[{"href":"https:\/\/damptour.pl\/index.php\/wp-json\/wp\/v2\/media?parent=6076"}],"curies":[{"name":"wp","href":"https:\/\/api.w.org\/{rel}","templated":true}]}}